{"id":673,"date":"2022-04-25T02:23:01","date_gmt":"2022-04-25T02:23:01","guid":{"rendered":"https:\/\/architect.oceanwp.org\/?page_id=673"},"modified":"2026-01-09T11:32:36","modified_gmt":"2026-01-09T11:32:36","slug":"management-policy","status":"publish","type":"page","link":"https:\/\/supra.hr\/en_gb\/management-policy\/","title":{"rendered":"Managment policy"},"content":{"rendered":"<div data-elementor-type=\"wp-page\" data-elementor-id=\"673\" class=\"elementor elementor-673\">\n\t\t\t\t\t\t<section class=\"elementor-section elementor-top-section elementor-element elementor-element-c7bde32 elementor-section-height-min-height elementor-section-boxed elementor-section-height-default elementor-section-items-middle\" data-id=\"c7bde32\" data-element_type=\"section\" data-e-type=\"section\" data-settings=\"{&quot;background_background&quot;:&quot;classic&quot;}\">\n\t\t\t\t\t\t<div class=\"elementor-container elementor-column-gap-default\">\n\t\t\t\t\t<div class=\"elementor-column elementor-col-100 elementor-top-column elementor-element elementor-element-8ca406c\" data-id=\"8ca406c\" data-element_type=\"column\" data-e-type=\"column\">\n\t\t\t<div class=\"elementor-widget-wrap elementor-element-populated\">\n\t\t\t\t\t\t<div class=\"elementor-element elementor-element-5c316fb elementor-widget elementor-widget-heading\" data-id=\"5c316fb\" data-element_type=\"widget\" data-e-type=\"widget\" data-widget_type=\"heading.default\">\n\t\t\t\t\t<h1 class=\"elementor-heading-title elementor-size-default\">Managment policy<\/h1>\t\t\t\t<\/div>\n\t\t\t\t<div class=\"elementor-element elementor-element-fb64808 elementor-widget-divider--view-line elementor-widget elementor-widget-divider\" data-id=\"fb64808\" data-element_type=\"widget\" data-e-type=\"widget\" data-widget_type=\"divider.default\">\n\t\t\t\t\t\t\t<div class=\"elementor-divider\">\n\t\t\t<span class=\"elementor-divider-separator\">\n\t\t\t\t\t\t<\/span>\n\t\t<\/div>\n\t\t\t\t\t\t<\/div>\n\t\t\t\t\t<\/div>\n\t\t<\/div>\n\t\t\t\t\t<\/div>\n\t\t<\/section>\n\t\t\t\t<section class=\"elementor-section elementor-top-section elementor-element elementor-element-1760b03 elementor-section-full_width elementor-section-height-default elementor-section-height-default\" data-id=\"1760b03\" data-element_type=\"section\" data-e-type=\"section\" data-settings=\"{&quot;background_background&quot;:&quot;classic&quot;}\">\n\t\t\t\t\t\t<div class=\"elementor-container elementor-column-gap-default\">\n\t\t\t\t\t<div class=\"elementor-column elementor-col-100 elementor-top-column elementor-element elementor-element-8607707\" data-id=\"8607707\" data-element_type=\"column\" data-e-type=\"column\">\n\t\t\t<div class=\"elementor-widget-wrap elementor-element-populated\">\n\t\t\t\t\t\t<div class=\"elementor-element elementor-element-e30a72e elementor-widget elementor-widget-heading\" data-id=\"e30a72e\" data-element_type=\"widget\" data-e-type=\"widget\" data-widget_type=\"heading.default\">\n\t\t\t\t\t<h2 class=\"elementor-heading-title elementor-size-default\">We manage responsibility, we do business with trust.<\/h2>\t\t\t\t<\/div>\n\t\t\t\t<div class=\"elementor-element elementor-element-5b68718 elementor-widget-divider--view-line elementor-widget elementor-widget-divider\" data-id=\"5b68718\" data-element_type=\"widget\" data-e-type=\"widget\" data-widget_type=\"divider.default\">\n\t\t\t\t\t\t\t<div class=\"elementor-divider\">\n\t\t\t<span class=\"elementor-divider-separator\">\n\t\t\t\t\t\t<\/span>\n\t\t<\/div>\n\t\t\t\t\t\t<\/div>\n\t\t\t\t\t<\/div>\n\t\t<\/div>\n\t\t\t\t\t<\/div>\n\t\t<\/section>\n\t\t<div class=\"elementor-element elementor-element-875b2c4 e-con-full e-flex e-con e-parent\" data-id=\"875b2c4\" data-element_type=\"container\" data-e-type=\"container\" data-settings=\"{&quot;background_background&quot;:&quot;classic&quot;}\">\n\t\t<div class=\"elementor-element elementor-element-d3e7b54 e-flex e-con-boxed e-con e-child\" data-id=\"d3e7b54\" data-element_type=\"container\" data-e-type=\"container\" data-settings=\"{&quot;background_background&quot;:&quot;classic&quot;}\">\n\t\t\t\t\t<div class=\"e-con-inner\">\n\t\t<div class=\"elementor-element elementor-element-f017311 e-con-full e-flex e-con e-child\" data-id=\"f017311\" data-element_type=\"container\" data-e-type=\"container\" data-settings=\"{&quot;background_background&quot;:&quot;classic&quot;}\">\n\t\t\t\t<div class=\"elementor-element elementor-element-2d4d852 elementor-widget elementor-widget-spacer\" data-id=\"2d4d852\" data-element_type=\"widget\" data-e-type=\"widget\" data-widget_type=\"spacer.default\">\n\t\t\t\t\t\t\t<div class=\"elementor-spacer\">\n\t\t\t<div class=\"elementor-spacer-inner\"><\/div>\n\t\t<\/div>\n\t\t\t\t\t\t<\/div>\n\t\t\t\t<div class=\"elementor-element elementor-element-c01c5fc elementor-widget elementor-widget-heading\" data-id=\"c01c5fc\" data-element_type=\"widget\" data-e-type=\"widget\" data-widget_type=\"heading.default\">\n\t\t\t\t\t<h2 class=\"elementor-heading-title elementor-size-default\">Managment policy<br>\n<\/h2>\t\t\t\t<\/div>\n\t\t\t\t<div class=\"elementor-element elementor-element-9181df4 elementor-widget elementor-widget-text-editor\" data-id=\"9181df4\" data-element_type=\"widget\" data-e-type=\"widget\" data-widget_type=\"text-editor.default\">\n\t\t\t\t\t\t\t\t\t<p>U Supra informatici predani smo postizanju visokih standarda kvalitete, sigurnosti informacija i odgovornog upravljanja svim aspektima na\u0161eg poslovanja. Na\u0161a politika upravljanja temelji se na transparentnosti, kontinuiranom unapre\u0111enju i usmjerenosti na potrebe klijenata.<\/p><p>The key principles of our management include:<\/p>\t\t\t\t\t\t\t\t<\/div>\n\t\t\t\t<div class=\"elementor-element elementor-element-a71dabe elementor-widget elementor-widget-text-editor\" data-id=\"a71dabe\" data-element_type=\"widget\" data-e-type=\"widget\" data-widget_type=\"text-editor.default\">\n\t\t\t\t\t\t\t\t\t<ul><li>Quality of services: We supply solutions that meet or exceed the expectations of our clients, with strict compliance with agreed deadlines and specifications.<\/li><li>Information Security: We actively protect customer data and business processes through the application of modern security standards and procedures.<\/li><li>Compliance and Legality: Our business is fully aligned with applicable laws, regulations and relevant norms (GDPR, ISO standards, etc.).<\/li><li>Responsibility and Ethics: We build business relationships based on trust, honesty and professionalism.<\/li><li>Development and Innovation: We invest in knowledge, tools and technologies to stay a step ahead of the challenges of the modern IT environment.<\/li><\/ul>\t\t\t\t\t\t\t\t<\/div>\n\t\t\t\t<div class=\"elementor-element elementor-element-438902e elementor-widget elementor-widget-text-editor\" data-id=\"438902e\" data-element_type=\"widget\" data-e-type=\"widget\" data-widget_type=\"text-editor.default\">\n\t\t\t\t\t\t\t\t\t<p>Our management policy is regularly reviewed and updated to remain aligned with market development, technology and the needs of our users.<\/p>\t\t\t\t\t\t\t\t<\/div>\n\t\t\t\t<div class=\"elementor-element elementor-element-a91a816 elementor-widget elementor-widget-text-editor\" data-id=\"a91a816\" data-element_type=\"widget\" data-e-type=\"widget\" data-widget_type=\"text-editor.default\">\n\t\t\t\t\t\t\t\t\t<span class=\"pu\">You can download our management policy\n<a href=\"https:\/\/supra.hr\/en_gb\/images\/politika_upravljanja.jpg\/\">\n<button class=\"preuzmi\">here.<\/button>\n<\/a>\n\n<style>\n.pu{color:black;}<br \/>\n.preuzmi{<br \/>color:white;<br \/>background-color:#1c1c1c;<br \/>border-radius:3px;<br \/>}<br \/>  .preuzmi:hover {<br \/>    background-color: white;<br \/>color:#1c1c1c;<br \/>border:1px black solid;<br \/>border-radius:3px;<\/p>\n<p>  }<br \/><\/style>\t\t\t\t\t\t\t\t<\/div>\n\t\t\t\t<div class=\"elementor-element elementor-element-86b7841 elementor-widget elementor-widget-spacer\" data-id=\"86b7841\" data-element_type=\"widget\" data-e-type=\"widget\" data-widget_type=\"spacer.default\">\n\t\t\t\t\t\t\t<div class=\"elementor-spacer\">\n\t\t\t<div class=\"elementor-spacer-inner\"><\/div>\n\t\t<\/div>\n\t\t\t\t\t\t<\/div>\n\t\t\t\t<\/div>\n\t\t<div class=\"elementor-element elementor-element-801942c e-con-full e-flex e-con e-child\" data-id=\"801942c\" data-element_type=\"container\" data-e-type=\"container\" data-settings=\"{&quot;background_background&quot;:&quot;classic&quot;}\">\n\t\t\t\t<div class=\"elementor-element elementor-element-35c10fe elementor-widget elementor-widget-image\" data-id=\"35c10fe\" data-element_type=\"widget\" data-e-type=\"widget\" data-widget_type=\"image.default\">\n\t\t\t\t\t\t\t\t\t\t\t\t\t\t\t<img fetchpriority=\"high\" decoding=\"async\" width=\"1024\" height=\"683\" src=\"https:\/\/supra.hr\/wp-content\/uploads\/2016\/10\/owp-blog-03-1024x683.jpg\" class=\"attachment-large size-large wp-image-716\" alt=\"\" srcset=\"https:\/\/supra.hr\/wp-content\/uploads\/2016\/10\/owp-blog-03-1024x683.jpg 1024w, https:\/\/supra.hr\/wp-content\/uploads\/2016\/10\/owp-blog-03-300x200.jpg 300w, https:\/\/supra.hr\/wp-content\/uploads\/2016\/10\/owp-blog-03-768x512.jpg 768w, https:\/\/supra.hr\/wp-content\/uploads\/2016\/10\/owp-blog-03.jpg 1200w\" sizes=\"(max-width: 1024px) 100vw, 1024px\" \/>\t\t\t\t\t\t\t\t\t\t\t\t\t\t\t<\/div>\n\t\t\t\t<\/div>\n\t\t\t\t\t<\/div>\n\t\t\t\t<\/div>\n\t\t\t\t<\/div>\n\t\t<div class=\"elementor-element elementor-element-ded3af0 e-flex e-con-boxed e-con e-parent\" data-id=\"ded3af0\" data-element_type=\"container\" data-e-type=\"container\" data-settings=\"{&quot;background_background&quot;:&quot;classic&quot;}\">\n\t\t\t\t\t<div class=\"e-con-inner\">\n\t\t<div class=\"elementor-element elementor-element-69cff8a e-con-full e-flex e-con e-child\" data-id=\"69cff8a\" data-element_type=\"container\" data-e-type=\"container\">\n\t\t\t\t<div class=\"elementor-element elementor-element-5acb822 elementor-widget elementor-widget-spacer\" data-id=\"5acb822\" data-element_type=\"widget\" data-e-type=\"widget\" data-widget_type=\"spacer.default\">\n\t\t\t\t\t\t\t<div class=\"elementor-spacer\">\n\t\t\t<div class=\"elementor-spacer-inner\"><\/div>\n\t\t<\/div>\n\t\t\t\t\t\t<\/div>\n\t\t\t\t<div class=\"elementor-element elementor-element-4bb92e7 elementor-widget elementor-widget-heading\" data-id=\"4bb92e7\" data-element_type=\"widget\" data-e-type=\"widget\" data-widget_type=\"heading.default\">\n\t\t\t\t\t<h2 class=\"elementor-heading-title elementor-size-default\">DIGITAL TRANSFORMATION STRATEGY PROJECT<\/h2>\t\t\t\t<\/div>\n\t\t\t\t<div class=\"elementor-element elementor-element-5abd728 elementor-widget elementor-widget-text-editor\" data-id=\"5abd728\" data-element_type=\"widget\" data-e-type=\"widget\" data-widget_type=\"text-editor.default\">\n\t\t\t\t\t\t\t\t\t<p>Project Creating a digital transformation strategy Supra informatika has been implemented in accordance with the provisions of the Call for Proposals for Digitalization Waters (Reference Number: NPOO.C1.1.2. R3-I2.01-V3.0072) The following activities were carried out as part of the project: Business-technical analysis of the situation in the company Preparation of a detailed digital transformation plan Preparation of the company's initial steps in the implementation of the digital transformation plan Project name: Development of a digital transformation strategy Supra informatika Name of the user: Supra informatika d.o.o. Total project amount: 14,720.00 \u20ac Eligible project costs: 14,720.00 \u20ac Amount of grants used: 8,832.00 \u20ac Project duration: 15.11.2023. \u2013 22.04.2024.<\/p>\t\t\t\t\t\t\t\t<\/div>\n\t\t\t\t<\/div>\n\t\t<div class=\"elementor-element elementor-element-94a3b04 e-con-full e-flex e-con e-child\" data-id=\"94a3b04\" data-element_type=\"container\" data-e-type=\"container\">\n\t\t\t\t<div class=\"elementor-element elementor-element-ec5cb58 elementor-widget elementor-widget-spacer\" data-id=\"ec5cb58\" data-element_type=\"widget\" data-e-type=\"widget\" data-widget_type=\"spacer.default\">\n\t\t\t\t\t\t\t<div class=\"elementor-spacer\">\n\t\t\t<div class=\"elementor-spacer-inner\"><\/div>\n\t\t<\/div>\n\t\t\t\t\t\t<\/div>\n\t\t<div class=\"elementor-element elementor-element-db273ef e-grid e-con-full e-con e-child\" data-id=\"db273ef\" data-element_type=\"container\" data-e-type=\"container\">\n\t\t\t\t<div class=\"elementor-element elementor-element-f62af89 elementor-widget elementor-widget-image\" data-id=\"f62af89\" data-element_type=\"widget\" data-e-type=\"widget\" data-widget_type=\"image.default\">\n\t\t\t\t\t\t\t\t\t\t\t\t\t\t\t<img decoding=\"async\" width=\"1024\" height=\"306\" src=\"https:\/\/supra.hr\/wp-content\/uploads\/2026\/01\/nextgeneu_en-1024x306.jpg\" class=\"attachment-large size-large wp-image-1098\" alt=\"\" srcset=\"https:\/\/supra.hr\/wp-content\/uploads\/2026\/01\/nextgeneu_en-1024x306.jpg 1024w, https:\/\/supra.hr\/wp-content\/uploads\/2026\/01\/nextgeneu_en-300x90.jpg 300w, https:\/\/supra.hr\/wp-content\/uploads\/2026\/01\/nextgeneu_en-768x230.jpg 768w, https:\/\/supra.hr\/wp-content\/uploads\/2026\/01\/nextgeneu_en.jpg 1100w\" sizes=\"(max-width: 1024px) 100vw, 1024px\" \/>\t\t\t\t\t\t\t\t\t\t\t\t\t\t\t<\/div>\n\t\t\t\t<div class=\"elementor-element elementor-element-ad497f0 elementor-widget elementor-widget-image\" data-id=\"ad497f0\" data-element_type=\"widget\" data-e-type=\"widget\" data-widget_type=\"image.default\">\n\t\t\t\t\t\t\t\t\t\t\t\t\t\t\t<img decoding=\"async\" width=\"510\" height=\"190\" src=\"https:\/\/supra.hr\/wp-content\/uploads\/2026\/01\/Fonds.jpg\" class=\"attachment-large size-large wp-image-1097\" alt=\"\" srcset=\"https:\/\/supra.hr\/wp-content\/uploads\/2026\/01\/Fonds.jpg 510w, https:\/\/supra.hr\/wp-content\/uploads\/2026\/01\/Fonds-300x112.jpg 300w\" sizes=\"(max-width: 510px) 100vw, 510px\" \/>\t\t\t\t\t\t\t\t\t\t\t\t\t\t\t<\/div>\n\t\t<div class=\"elementor-element elementor-element-6aed4a6 e-con-full e-flex e-con e-child\" data-id=\"6aed4a6\" data-element_type=\"container\" data-e-type=\"container\">\n\t\t\t\t<div class=\"elementor-element elementor-element-8999da9 elementor-widget__width-initial elementor-widget elementor-widget-image\" data-id=\"8999da9\" data-element_type=\"widget\" data-e-type=\"widget\" data-widget_type=\"image.default\">\n\t\t\t\t\t\t\t\t\t\t\t\t\t\t\t<img loading=\"lazy\" decoding=\"async\" width=\"1024\" height=\"683\" src=\"https:\/\/supra.hr\/wp-content\/uploads\/2026\/01\/Flag_of_Europe.svg_-1024x683.png\" class=\"attachment-large size-large wp-image-1291\" alt=\"\" srcset=\"https:\/\/supra.hr\/wp-content\/uploads\/2026\/01\/Flag_of_Europe.svg_-1024x683.png 1024w, https:\/\/supra.hr\/wp-content\/uploads\/2026\/01\/Flag_of_Europe.svg_-300x200.png 300w, https:\/\/supra.hr\/wp-content\/uploads\/2026\/01\/Flag_of_Europe.svg_-768x512.png 768w, https:\/\/supra.hr\/wp-content\/uploads\/2026\/01\/Flag_of_Europe.svg_.png 1280w\" sizes=\"(max-width: 1024px) 100vw, 1024px\" \/>\t\t\t\t\t\t\t\t\t\t\t\t\t\t\t<\/div>\n\t\t\t\t<\/div>\n\t\t\t\t<div class=\"elementor-element elementor-element-3ceaafb elementor-widget elementor-widget-image\" data-id=\"3ceaafb\" data-element_type=\"widget\" data-e-type=\"widget\" data-widget_type=\"image.default\">\n\t\t\t\t\t\t\t\t\t\t\t\t\t\t\t<img loading=\"lazy\" decoding=\"async\" width=\"1024\" height=\"512\" src=\"https:\/\/supra.hr\/wp-content\/uploads\/2026\/01\/Flag_of_Croatia.svg_-1024x512.png\" class=\"attachment-large size-large wp-image-1290\" alt=\"\" srcset=\"https:\/\/supra.hr\/wp-content\/uploads\/2026\/01\/Flag_of_Croatia.svg_-1024x512.png 1024w, https:\/\/supra.hr\/wp-content\/uploads\/2026\/01\/Flag_of_Croatia.svg_-300x150.png 300w, https:\/\/supra.hr\/wp-content\/uploads\/2026\/01\/Flag_of_Croatia.svg_-768x384.png 768w, https:\/\/supra.hr\/wp-content\/uploads\/2026\/01\/Flag_of_Croatia.svg_-1536x768.png 1536w, https:\/\/supra.hr\/wp-content\/uploads\/2026\/01\/Flag_of_Croatia.svg_-2048x1024.png 2048w\" sizes=\"(max-width: 1024px) 100vw, 1024px\" \/>\t\t\t\t\t\t\t\t\t\t\t\t\t\t\t<\/div>\n\t\t\t\t<\/div>\n\t\t\t\t<\/div>\n\t\t\t\t\t<\/div>\n\t\t\t\t<\/div>\n\t\t<div class=\"elementor-element elementor-element-8a23e16 e-flex e-con-boxed e-con e-parent\" data-id=\"8a23e16\" data-element_type=\"container\" data-e-type=\"container\" data-settings=\"{&quot;background_background&quot;:&quot;classic&quot;}\">\n\t\t\t\t\t<div class=\"e-con-inner\">\n\t\t<div class=\"elementor-element elementor-element-e08a930 e-con-full e-flex e-con e-child\" data-id=\"e08a930\" data-element_type=\"container\" data-e-type=\"container\">\n\t\t\t\t<div class=\"elementor-element elementor-element-f33ed67 elementor-widget elementor-widget-spacer\" data-id=\"f33ed67\" data-element_type=\"widget\" data-e-type=\"widget\" data-widget_type=\"spacer.default\">\n\t\t\t\t\t\t\t<div class=\"elementor-spacer\">\n\t\t\t<div class=\"elementor-spacer-inner\"><\/div>\n\t\t<\/div>\n\t\t\t\t\t\t<\/div>\n\t\t<div class=\"elementor-element elementor-element-b5ce7a3 e-grid e-con-full e-con e-child\" data-id=\"b5ce7a3\" data-element_type=\"container\" data-e-type=\"container\">\n\t\t\t\t<div class=\"elementor-element elementor-element-6646511 elementor-widget elementor-widget-image\" data-id=\"6646511\" data-element_type=\"widget\" data-e-type=\"widget\" data-widget_type=\"image.default\">\n\t\t\t\t\t\t\t\t\t\t\t\t\t\t\t<img decoding=\"async\" width=\"1024\" height=\"306\" src=\"https:\/\/supra.hr\/wp-content\/uploads\/2026\/01\/nextgeneu_en-1024x306.jpg\" class=\"attachment-large size-large wp-image-1098\" alt=\"\" srcset=\"https:\/\/supra.hr\/wp-content\/uploads\/2026\/01\/nextgeneu_en-1024x306.jpg 1024w, https:\/\/supra.hr\/wp-content\/uploads\/2026\/01\/nextgeneu_en-300x90.jpg 300w, https:\/\/supra.hr\/wp-content\/uploads\/2026\/01\/nextgeneu_en-768x230.jpg 768w, https:\/\/supra.hr\/wp-content\/uploads\/2026\/01\/nextgeneu_en.jpg 1100w\" sizes=\"(max-width: 1024px) 100vw, 1024px\" \/>\t\t\t\t\t\t\t\t\t\t\t\t\t\t\t<\/div>\n\t\t\t\t<div class=\"elementor-element elementor-element-4a4ded3 elementor-widget elementor-widget-image\" data-id=\"4a4ded3\" data-element_type=\"widget\" data-e-type=\"widget\" data-widget_type=\"image.default\">\n\t\t\t\t\t\t\t\t\t\t\t\t\t\t\t<img decoding=\"async\" width=\"510\" height=\"190\" src=\"https:\/\/supra.hr\/wp-content\/uploads\/2026\/01\/Fonds.jpg\" class=\"attachment-large size-large wp-image-1097\" alt=\"\" srcset=\"https:\/\/supra.hr\/wp-content\/uploads\/2026\/01\/Fonds.jpg 510w, https:\/\/supra.hr\/wp-content\/uploads\/2026\/01\/Fonds-300x112.jpg 300w\" sizes=\"(max-width: 510px) 100vw, 510px\" \/>\t\t\t\t\t\t\t\t\t\t\t\t\t\t\t<\/div>\n\t\t<div class=\"elementor-element elementor-element-e683cb9 e-con-full e-flex e-con e-child\" data-id=\"e683cb9\" data-element_type=\"container\" data-e-type=\"container\">\n\t\t\t\t<div class=\"elementor-element elementor-element-597339e elementor-widget__width-initial elementor-widget elementor-widget-image\" data-id=\"597339e\" data-element_type=\"widget\" data-e-type=\"widget\" data-widget_type=\"image.default\">\n\t\t\t\t\t\t\t\t\t\t\t\t\t\t\t<img loading=\"lazy\" decoding=\"async\" width=\"1024\" height=\"683\" src=\"https:\/\/supra.hr\/wp-content\/uploads\/2026\/01\/Flag_of_Europe.svg_-1024x683.png\" class=\"attachment-large size-large wp-image-1291\" alt=\"\" srcset=\"https:\/\/supra.hr\/wp-content\/uploads\/2026\/01\/Flag_of_Europe.svg_-1024x683.png 1024w, https:\/\/supra.hr\/wp-content\/uploads\/2026\/01\/Flag_of_Europe.svg_-300x200.png 300w, https:\/\/supra.hr\/wp-content\/uploads\/2026\/01\/Flag_of_Europe.svg_-768x512.png 768w, https:\/\/supra.hr\/wp-content\/uploads\/2026\/01\/Flag_of_Europe.svg_.png 1280w\" sizes=\"(max-width: 1024px) 100vw, 1024px\" \/>\t\t\t\t\t\t\t\t\t\t\t\t\t\t\t<\/div>\n\t\t\t\t<\/div>\n\t\t\t\t<div class=\"elementor-element elementor-element-beee060 elementor-widget elementor-widget-image\" data-id=\"beee060\" data-element_type=\"widget\" data-e-type=\"widget\" data-widget_type=\"image.default\">\n\t\t\t\t\t\t\t\t\t\t\t\t\t\t\t<img loading=\"lazy\" decoding=\"async\" width=\"1024\" height=\"512\" src=\"https:\/\/supra.hr\/wp-content\/uploads\/2026\/01\/Flag_of_Croatia.svg_-1024x512.png\" class=\"attachment-large size-large wp-image-1290\" alt=\"\" srcset=\"https:\/\/supra.hr\/wp-content\/uploads\/2026\/01\/Flag_of_Croatia.svg_-1024x512.png 1024w, https:\/\/supra.hr\/wp-content\/uploads\/2026\/01\/Flag_of_Croatia.svg_-300x150.png 300w, https:\/\/supra.hr\/wp-content\/uploads\/2026\/01\/Flag_of_Croatia.svg_-768x384.png 768w, https:\/\/supra.hr\/wp-content\/uploads\/2026\/01\/Flag_of_Croatia.svg_-1536x768.png 1536w, https:\/\/supra.hr\/wp-content\/uploads\/2026\/01\/Flag_of_Croatia.svg_-2048x1024.png 2048w\" sizes=\"(max-width: 1024px) 100vw, 1024px\" \/>\t\t\t\t\t\t\t\t\t\t\t\t\t\t\t<\/div>\n\t\t\t\t<\/div>\n\t\t\t\t<\/div>\n\t\t<div class=\"elementor-element elementor-element-a267859 e-con-full e-flex e-con e-child\" data-id=\"a267859\" data-element_type=\"container\" data-e-type=\"container\">\n\t\t\t\t<div class=\"elementor-element elementor-element-27d527e elementor-widget elementor-widget-spacer\" data-id=\"27d527e\" data-element_type=\"widget\" data-e-type=\"widget\" data-widget_type=\"spacer.default\">\n\t\t\t\t\t\t\t<div class=\"elementor-spacer\">\n\t\t\t<div class=\"elementor-spacer-inner\"><\/div>\n\t\t<\/div>\n\t\t\t\t\t\t<\/div>\n\t\t<div class=\"elementor-element elementor-element-b5129ab e-con-full e-flex e-con e-child\" data-id=\"b5129ab\" data-element_type=\"container\" data-e-type=\"container\">\n\t\t\t\t<div class=\"elementor-element elementor-element-e6cfb48 elementor-widget elementor-widget-heading\" data-id=\"e6cfb48\" data-element_type=\"widget\" data-e-type=\"widget\" data-widget_type=\"heading.default\">\n\t\t\t\t\t<h2 class=\"elementor-heading-title elementor-size-default\">DIAGITY OF CIBERNETIC WASTE<\/h2>\t\t\t\t<\/div>\n\t\t\t\t<div class=\"elementor-element elementor-element-fd8b5b5 elementor-widget__width-initial elementor-widget elementor-widget-text-editor\" data-id=\"fd8b5b5\" data-element_type=\"widget\" data-e-type=\"widget\" data-widget_type=\"text-editor.default\">\n\t\t\t\t\t\t\t\t\t<p>Projekt Dijagnostika kiberneti\u010dke otpornosti Supra informatika proveden je u skladu s odredbama Poziva na dostavuprojektnih prijedloga vau\u010deri za digitalizaciju (Referentni broj: NPOO.C1.1.2. R3-I2.02). U okviru projekta provedene su aktivnosti: Dijagnostika kiberneti\u010dke otpornosti. Edukacije za djelatnike tvrtke Supra informatika d.o.o. Naziv projekta: Dijagnostika kiberneti\u010dke otpornosti SUPRA INFORMATIKA Ime korisnika: Supra informatika d.o.o. Ukupni iznos projekta: 20.500,00 \u20ac Prihvatljivi tro\u0161kovi projekta: 20.500,00 \u20ac Iznos iskori\u0161tenih bespovratnih sredstava: 14.350,00 \u20ac Trajanje projekta: 19.6.2024. \u2013 19.6.2025.<\/p>\t\t\t\t\t\t\t\t<\/div>\n\t\t\t\t<\/div>\n\t\t\t\t<\/div>\n\t\t\t\t\t<\/div>\n\t\t\t\t<\/div>\n\t\t\t\t<\/div>","protected":false},"excerpt":{"rendered":"<p>Politka upravljanja Upravljamo s odgovorno\u0161\u0107u, poslujemo s povjerenjem. Politika upravljanja U Supra informatici predani smo postizanju visokih standarda kvalitete, sigurnosti informacija i odgovornog upravljanja svim aspektima na\u0161eg poslovanja. Na\u0161a politika upravljanja temelji se na transparentnosti, kontinuiranom unapre\u0111enju i usmjerenosti na potrebe klijenata. Klju\u010dna na\u010dela na\u0161eg upravljanja uklju\u010duju: Kvaliteta usluga: Isporu\u010dujemo rje\u0161enja koja zadovoljavaju ili nadma\u0161uju [&hellip;]<\/p>","protected":false},"author":1,"featured_media":0,"parent":0,"menu_order":0,"comment_status":"closed","ping_status":"closed","template":"","meta":{"ocean_post_layout":"full-screen","ocean_both_sidebars_style":"","ocean_both_sidebars_content_width":0,"ocean_both_sidebars_sidebars_width":0,"ocean_sidebar":"0","ocean_second_sidebar":"0","ocean_disable_margins":"on","ocean_add_body_class":"","ocean_shortcode_before_top_bar":"","ocean_shortcode_after_top_bar":"","ocean_shortcode_before_header":"","ocean_shortcode_after_header":"","ocean_has_shortcode":"","ocean_shortcode_after_title":"","ocean_shortcode_before_footer_widgets":"","ocean_shortcode_after_footer_widgets":"","ocean_shortcode_before_footer_bottom":"","ocean_shortcode_after_footer_bottom":"","ocean_display_top_bar":"default","ocean_display_header":"default","ocean_header_style":"transparent","ocean_center_header_left_menu":"0","ocean_custom_header_template":"0","ocean_custom_logo":0,"ocean_custom_retina_logo":0,"ocean_custom_logo_max_width":0,"ocean_custom_logo_tablet_max_width":0,"ocean_custom_logo_mobile_max_width":0,"ocean_custom_logo_max_height":0,"ocean_custom_logo_tablet_max_height":0,"ocean_custom_logo_mobile_max_height":0,"ocean_header_custom_menu":"0","ocean_menu_typo_font_family":"0","ocean_menu_typo_font_subset":"","ocean_menu_typo_font_size":0,"ocean_menu_typo_font_size_tablet":0,"ocean_menu_typo_font_size_mobile":0,"ocean_menu_typo_font_size_unit":"px","ocean_menu_typo_font_weight":"","ocean_menu_typo_font_weight_tablet":"","ocean_menu_typo_font_weight_mobile":"","ocean_menu_typo_transform":"","ocean_menu_typo_transform_tablet":"","ocean_menu_typo_transform_mobile":"","ocean_menu_typo_line_height":0,"ocean_menu_typo_line_height_tablet":0,"ocean_menu_typo_line_height_mobile":0,"ocean_menu_typo_line_height_unit":"","ocean_menu_typo_spacing":0,"ocean_menu_typo_spacing_tablet":0,"ocean_menu_typo_spacing_mobile":0,"ocean_menu_typo_spacing_unit":"","ocean_menu_link_color":"#ffffff","ocean_menu_link_color_hover":"#6e8fef","ocean_menu_link_color_active":"#ffffff","ocean_menu_link_background":"","ocean_menu_link_hover_background":"","ocean_menu_link_active_background":"","ocean_menu_social_links_bg":"","ocean_menu_social_hover_links_bg":"","ocean_menu_social_links_color":"#ffffff","ocean_menu_social_hover_links_color":"#6e8fef","ocean_disable_title":"on","ocean_disable_heading":"default","ocean_post_title":"","ocean_post_subheading":"","ocean_post_title_style":"","ocean_post_title_background_color":"","ocean_post_title_background":0,"ocean_post_title_bg_image_position":"","ocean_post_title_bg_image_attachment":"","ocean_post_title_bg_image_repeat":"","ocean_post_title_bg_image_size":"","ocean_post_title_height":0,"ocean_post_title_bg_overlay":0.5,"ocean_post_title_bg_overlay_color":"","ocean_disable_breadcrumbs":"off","ocean_breadcrumbs_color":"","ocean_breadcrumbs_separator_color":"","ocean_breadcrumbs_links_color":"","ocean_breadcrumbs_links_hover_color":"","ocean_display_footer_widgets":"default","ocean_display_footer_bottom":"default","ocean_custom_footer_template":"0","footnotes":""},"class_list":["post-673","page","type-page","status-publish","hentry","entry"],"_links":{"self":[{"href":"https:\/\/supra.hr\/en_gb\/wp-json\/wp\/v2\/pages\/673","targetHints":{"allow":["GET"]}}],"collection":[{"href":"https:\/\/supra.hr\/en_gb\/wp-json\/wp\/v2\/pages"}],"about":[{"href":"https:\/\/supra.hr\/en_gb\/wp-json\/wp\/v2\/types\/page"}],"author":[{"embeddable":true,"href":"https:\/\/supra.hr\/en_gb\/wp-json\/wp\/v2\/users\/1"}],"replies":[{"embeddable":true,"href":"https:\/\/supra.hr\/en_gb\/wp-json\/wp\/v2\/comments?post=673"}],"version-history":[{"count":119,"href":"https:\/\/supra.hr\/en_gb\/wp-json\/wp\/v2\/pages\/673\/revisions"}],"predecessor-version":[{"id":1434,"href":"https:\/\/supra.hr\/en_gb\/wp-json\/wp\/v2\/pages\/673\/revisions\/1434"}],"wp:attachment":[{"href":"https:\/\/supra.hr\/en_gb\/wp-json\/wp\/v2\/media?parent=673"}],"curies":[{"name":"wp","href":"https:\/\/api.w.org\/{rel}","templated":true}]}}