{"id":1090,"date":"2026-01-07T16:41:53","date_gmt":"2026-01-07T16:41:53","guid":{"rendered":"https:\/\/supra.hr\/?page_id=1090"},"modified":"2026-01-09T11:03:16","modified_gmt":"2026-01-09T11:03:16","slug":"projects","status":"publish","type":"page","link":"https:\/\/supra.hr\/en_gb\/projects\/","title":{"rendered":"Projects"},"content":{"rendered":"<div data-elementor-type=\"wp-page\" data-elementor-id=\"1090\" class=\"elementor elementor-1090\">\n\t\t\t\t\t\t<section class=\"elementor-section elementor-top-section elementor-element elementor-element-c7bde32 elementor-section-height-min-height elementor-section-boxed elementor-section-height-default elementor-section-items-middle\" data-id=\"c7bde32\" data-element_type=\"section\" data-e-type=\"section\" data-settings=\"{&quot;background_background&quot;:&quot;classic&quot;}\">\n\t\t\t\t\t\t<div class=\"elementor-container elementor-column-gap-default\">\n\t\t\t\t\t<div class=\"elementor-column elementor-col-100 elementor-top-column elementor-element elementor-element-8ca406c\" data-id=\"8ca406c\" data-element_type=\"column\" data-e-type=\"column\">\n\t\t\t<div class=\"elementor-widget-wrap elementor-element-populated\">\n\t\t\t\t\t\t<div class=\"elementor-element elementor-element-5c316fb elementor-widget elementor-widget-heading\" data-id=\"5c316fb\" data-element_type=\"widget\" data-e-type=\"widget\" data-widget_type=\"heading.default\">\n\t\t\t\t\t<h1 class=\"elementor-heading-title elementor-size-default\">Projects<\/h1>\t\t\t\t<\/div>\n\t\t\t\t<div class=\"elementor-element elementor-element-fb64808 elementor-widget-divider--view-line elementor-widget elementor-widget-divider\" data-id=\"fb64808\" data-element_type=\"widget\" data-e-type=\"widget\" data-widget_type=\"divider.default\">\n\t\t\t\t\t\t\t<div class=\"elementor-divider\">\n\t\t\t<span class=\"elementor-divider-separator\">\n\t\t\t\t\t\t<\/span>\n\t\t<\/div>\n\t\t\t\t\t\t<\/div>\n\t\t\t\t\t<\/div>\n\t\t<\/div>\n\t\t\t\t\t<\/div>\n\t\t<\/section>\n\t\t\t\t<section class=\"elementor-section elementor-top-section elementor-element elementor-element-1760b03 elementor-section-boxed elementor-section-height-default elementor-section-height-default\" data-id=\"1760b03\" data-element_type=\"section\" data-e-type=\"section\" data-settings=\"{&quot;background_background&quot;:&quot;classic&quot;,&quot;shape_divider_top&quot;:&quot;pyramids&quot;}\">\n\t\t\t\t\t<div class=\"elementor-shape elementor-shape-top\" aria-hidden=\"true\" data-negative=\"false\">\n\t\t\t<svg xmlns=\"http:\/\/www.w3.org\/2000\/svg\" viewbox=\"0 0 1000 100\" preserveaspectratio=\"none\">\n\t<path class=\"elementor-shape-fill\" d=\"M761.9,44.1L643.1,27.2L333.8,98L0,3.8V0l1000,0v3.9\"\/>\n<\/svg>\t\t<\/div>\n\t\t\t\t\t<div class=\"elementor-container elementor-column-gap-default\">\n\t\t\t\t\t<div class=\"elementor-column elementor-col-100 elementor-top-column elementor-element elementor-element-8607707\" data-id=\"8607707\" data-element_type=\"column\" data-e-type=\"column\">\n\t\t\t<div class=\"elementor-widget-wrap elementor-element-populated\">\n\t\t\t\t\t\t<div class=\"elementor-element elementor-element-e30a72e elementor-widget elementor-widget-heading\" data-id=\"e30a72e\" data-element_type=\"widget\" data-e-type=\"widget\" data-widget_type=\"heading.default\">\n\t\t\t\t\t<h2 class=\"elementor-heading-title elementor-size-default\">We love what we do, and we like to share it. Here you can see some of our favorite projects and solutions we have delivered with a lot of attention and knowledge.<\/h2>\t\t\t\t<\/div>\n\t\t\t\t<div class=\"elementor-element elementor-element-5b68718 elementor-widget-divider--view-line elementor-widget elementor-widget-divider\" data-id=\"5b68718\" data-element_type=\"widget\" data-e-type=\"widget\" data-widget_type=\"divider.default\">\n\t\t\t\t\t\t\t<div class=\"elementor-divider\">\n\t\t\t<span class=\"elementor-divider-separator\">\n\t\t\t\t\t\t<\/span>\n\t\t<\/div>\n\t\t\t\t\t\t<\/div>\n\t\t\t\t\t<\/div>\n\t\t<\/div>\n\t\t\t\t\t<\/div>\n\t\t<\/section>\n\t\t<div class=\"elementor-element elementor-element-402bd30 e-flex e-con-boxed e-con e-parent\" data-id=\"402bd30\" data-element_type=\"container\" data-e-type=\"container\" data-settings=\"{&quot;background_background&quot;:&quot;classic&quot;}\">\n\t\t\t\t\t<div class=\"e-con-inner\">\n\t\t<div class=\"elementor-element elementor-element-4d75f5b e-con-full e-flex e-con e-child\" data-id=\"4d75f5b\" data-element_type=\"container\" data-e-type=\"container\">\n\t\t\t\t<div class=\"elementor-element elementor-element-6158d0d elementor-widget elementor-widget-spacer\" data-id=\"6158d0d\" data-element_type=\"widget\" data-e-type=\"widget\" data-widget_type=\"spacer.default\">\n\t\t\t\t\t\t\t<div class=\"elementor-spacer\">\n\t\t\t<div class=\"elementor-spacer-inner\"><\/div>\n\t\t<\/div>\n\t\t\t\t\t\t<\/div>\n\t\t\t\t<div class=\"elementor-element elementor-element-e6288b9 elementor-widget elementor-widget-heading\" data-id=\"e6288b9\" data-element_type=\"widget\" data-e-type=\"widget\" data-widget_type=\"heading.default\">\n\t\t\t\t\t<h2 class=\"elementor-heading-title elementor-size-default\">SEPA<\/h2>\t\t\t\t<\/div>\n\t\t\t\t<div class=\"elementor-element elementor-element-13dce4b elementor-widget-divider--view-line elementor-widget elementor-widget-divider\" data-id=\"13dce4b\" data-element_type=\"widget\" data-e-type=\"widget\" data-widget_type=\"divider.default\">\n\t\t\t\t\t\t\t<div class=\"elementor-divider\">\n\t\t\t<span class=\"elementor-divider-separator\">\n\t\t\t\t\t\t<\/span>\n\t\t<\/div>\n\t\t\t\t\t\t<\/div>\n\t\t\t\t<div class=\"elementor-element elementor-element-f84ab2f elementor-widget elementor-widget-text-editor\" data-id=\"f84ab2f\" data-element_type=\"widget\" data-e-type=\"widget\" data-widget_type=\"text-editor.default\">\n\t\t\t\t\t\t\t\t\t<p>SEPA is an open platform for ticket sales and reservations compatible with all major European systems for selling tickets in rail transport. SEPA is a sales channel visible in the market of 800 million people. Although online sales are very popular today, the train station remains an important place to obtain correct information and for many people a place to buy a stress-free ticket. SEPA allows you to be present at all railway stations in Europe. It is used to sell international and local maps with reservations or without reservations, and also supports electronic maps. SEPA uses the latest version of standards to interconnect reservation systems. SEPA partners are provided with easy train management tools and real-time control and reporting.<\/p>\t\t\t\t\t\t\t\t<\/div>\n\t\t\t\t<div class=\"elementor-element elementor-element-cb77ad4 elementor-widget elementor-widget-spacer\" data-id=\"cb77ad4\" data-element_type=\"widget\" data-e-type=\"widget\" data-widget_type=\"spacer.default\">\n\t\t\t\t\t\t\t<div class=\"elementor-spacer\">\n\t\t\t<div class=\"elementor-spacer-inner\"><\/div>\n\t\t<\/div>\n\t\t\t\t\t\t<\/div>\n\t\t\t\t<div class=\"elementor-element elementor-element-f4adefe elementor-widget elementor-widget-spacer\" data-id=\"f4adefe\" data-element_type=\"widget\" data-e-type=\"widget\" data-widget_type=\"spacer.default\">\n\t\t\t\t\t\t\t<div class=\"elementor-spacer\">\n\t\t\t<div class=\"elementor-spacer-inner\"><\/div>\n\t\t<\/div>\n\t\t\t\t\t\t<\/div>\n\t\t\t\t<\/div>\n\t\t<div class=\"elementor-element elementor-element-63a6ce1 e-con-full e-flex e-con e-child\" data-id=\"63a6ce1\" data-element_type=\"container\" data-e-type=\"container\">\n\t\t\t\t<div class=\"elementor-element elementor-element-b9eb4a1 elementor-widget elementor-widget-spacer\" data-id=\"b9eb4a1\" data-element_type=\"widget\" data-e-type=\"widget\" data-widget_type=\"spacer.default\">\n\t\t\t\t\t\t\t<div class=\"elementor-spacer\">\n\t\t\t<div class=\"elementor-spacer-inner\"><\/div>\n\t\t<\/div>\n\t\t\t\t\t\t<\/div>\n\t\t\t\t<div class=\"elementor-element elementor-element-eaa3ac6 elementor-widget elementor-widget-image\" data-id=\"eaa3ac6\" data-element_type=\"widget\" data-e-type=\"widget\" data-widget_type=\"image.default\">\n\t\t\t\t\t\t\t\t\t\t\t\t\t\t\t<img fetchpriority=\"high\" decoding=\"async\" width=\"689\" height=\"1024\" src=\"https:\/\/supra.hr\/wp-content\/uploads\/2025\/12\/sepa-689x1024.jpg\" class=\"attachment-large size-large wp-image-849\" alt=\"\" srcset=\"https:\/\/supra.hr\/wp-content\/uploads\/2025\/12\/sepa-689x1024.jpg 689w, https:\/\/supra.hr\/wp-content\/uploads\/2025\/12\/sepa-202x300.jpg 202w, https:\/\/supra.hr\/wp-content\/uploads\/2025\/12\/sepa-768x1141.jpg 768w, https:\/\/supra.hr\/wp-content\/uploads\/2025\/12\/sepa-1034x1536.jpg 1034w, https:\/\/supra.hr\/wp-content\/uploads\/2025\/12\/sepa-1378x2048.jpg 1378w, https:\/\/supra.hr\/wp-content\/uploads\/2025\/12\/sepa-scaled.jpg 1723w\" sizes=\"(max-width: 689px) 100vw, 689px\" \/>\t\t\t\t\t\t\t\t\t\t\t\t\t\t\t<\/div>\n\t\t\t\t<\/div>\n\t\t\t\t\t<\/div>\n\t\t\t\t<\/div>\n\t\t<div class=\"elementor-element elementor-element-b903408 e-flex e-con-boxed e-con e-parent\" data-id=\"b903408\" data-element_type=\"container\" data-e-type=\"container\">\n\t\t\t\t\t<div class=\"e-con-inner\">\n\t\t<div class=\"elementor-element elementor-element-a594736 e-con-full e-flex e-con e-child\" data-id=\"a594736\" data-element_type=\"container\" data-e-type=\"container\">\n\t\t\t\t<div class=\"elementor-element elementor-element-5c5db88 elementor-widget elementor-widget-spacer\" data-id=\"5c5db88\" data-element_type=\"widget\" data-e-type=\"widget\" data-widget_type=\"spacer.default\">\n\t\t\t\t\t\t\t<div class=\"elementor-spacer\">\n\t\t\t<div class=\"elementor-spacer-inner\"><\/div>\n\t\t<\/div>\n\t\t\t\t\t\t<\/div>\n\t\t\t\t<div class=\"elementor-element elementor-element-4232bd7 elementor-widget elementor-widget-image\" data-id=\"4232bd7\" data-element_type=\"widget\" data-e-type=\"widget\" data-widget_type=\"image.default\">\n\t\t\t\t\t\t\t\t\t\t\t\t\t\t\t<img decoding=\"async\" width=\"700\" height=\"1024\" src=\"https:\/\/supra.hr\/wp-content\/uploads\/2025\/12\/ticketing-700x1024.jpg\" class=\"attachment-large size-large wp-image-857\" alt=\"\" srcset=\"https:\/\/supra.hr\/wp-content\/uploads\/2025\/12\/ticketing-700x1024.jpg 700w, https:\/\/supra.hr\/wp-content\/uploads\/2025\/12\/ticketing-205x300.jpg 205w, https:\/\/supra.hr\/wp-content\/uploads\/2025\/12\/ticketing-768x1124.jpg 768w, https:\/\/supra.hr\/wp-content\/uploads\/2025\/12\/ticketing-1050x1536.jpg 1050w, https:\/\/supra.hr\/wp-content\/uploads\/2025\/12\/ticketing-1400x2048.jpg 1400w, https:\/\/supra.hr\/wp-content\/uploads\/2025\/12\/ticketing.jpg 1706w\" sizes=\"(max-width: 700px) 100vw, 700px\" \/>\t\t\t\t\t\t\t\t\t\t\t\t\t\t\t<\/div>\n\t\t\t\t<div class=\"elementor-element elementor-element-3803a64 elementor-widget elementor-widget-spacer\" data-id=\"3803a64\" data-element_type=\"widget\" data-e-type=\"widget\" data-widget_type=\"spacer.default\">\n\t\t\t\t\t\t\t<div class=\"elementor-spacer\">\n\t\t\t<div class=\"elementor-spacer-inner\"><\/div>\n\t\t<\/div>\n\t\t\t\t\t\t<\/div>\n\t\t\t\t<\/div>\n\t\t<div class=\"elementor-element elementor-element-c3463f7 e-con-full e-flex e-con e-child\" data-id=\"c3463f7\" data-element_type=\"container\" data-e-type=\"container\">\n\t\t\t\t<div class=\"elementor-element elementor-element-3987bd8 elementor-widget elementor-widget-spacer\" data-id=\"3987bd8\" data-element_type=\"widget\" data-e-type=\"widget\" data-widget_type=\"spacer.default\">\n\t\t\t\t\t\t\t<div class=\"elementor-spacer\">\n\t\t\t<div class=\"elementor-spacer-inner\"><\/div>\n\t\t<\/div>\n\t\t\t\t\t\t<\/div>\n\t\t<div class=\"elementor-element elementor-element-eb96ee2 e-con-full e-flex e-con e-child\" data-id=\"eb96ee2\" data-element_type=\"container\" data-e-type=\"container\">\n\t\t\t\t<div class=\"elementor-element elementor-element-99bb8a9 elementor-widget elementor-widget-heading\" data-id=\"99bb8a9\" data-element_type=\"widget\" data-e-type=\"widget\" data-widget_type=\"heading.default\">\n\t\t\t\t\t<h2 class=\"elementor-heading-title elementor-size-default\"><h2 class=\"elementor-heading-title elementor-size-default elementor-inline-editing pen\" data-elementor-setting-key=\"title\" data-pen-placeholder=\"Type Here...\" style=\"font-style: normal\">RAILWAY TICKETING SYSTEM<\/h2><\/h2>\t\t\t\t<\/div>\n\t\t\t\t<div class=\"elementor-element elementor-element-a2676f2 elementor-widget-divider--view-line elementor-widget elementor-widget-divider\" data-id=\"a2676f2\" data-element_type=\"widget\" data-e-type=\"widget\" data-widget_type=\"divider.default\">\n\t\t\t\t\t\t\t<div class=\"elementor-divider\">\n\t\t\t<span class=\"elementor-divider-separator\">\n\t\t\t\t\t\t<\/span>\n\t\t<\/div>\n\t\t\t\t\t\t<\/div>\n\t\t\t\t<div class=\"elementor-element elementor-element-62072c2 elementor-widget__width-initial elementor-widget elementor-widget-text-editor\" data-id=\"62072c2\" data-element_type=\"widget\" data-e-type=\"widget\" data-widget_type=\"text-editor.default\">\n\t\t\t\t\t\t\t\t\t<p>Integrated system for issuing tickets and reservations in local and international passenger transport. Contemporary, the almost solution ensures a small risk and rapid implementation. Our product works in countries across Europe like Lithuania, Slovenia and Montenegro. The system was developed according to the ergonomic principles described in ISO 9241-110. The system allows sales through various sales channels such as: railway coffers, mobile sales, online (web) sales, car sales vending machines, etc.<\/p>\t\t\t\t\t\t\t\t<\/div>\n\t\t\t\t<\/div>\n\t\t\t\t<\/div>\n\t\t\t\t\t<\/div>\n\t\t\t\t<\/div>\n\t\t<div class=\"elementor-element elementor-element-48d0f87 e-flex e-con-boxed e-con e-parent\" data-id=\"48d0f87\" data-element_type=\"container\" data-e-type=\"container\" data-settings=\"{&quot;background_background&quot;:&quot;classic&quot;}\">\n\t\t\t\t\t<div class=\"e-con-inner\">\n\t\t<div class=\"elementor-element elementor-element-85eebc5 e-con-full e-flex e-con e-child\" data-id=\"85eebc5\" data-element_type=\"container\" data-e-type=\"container\">\n\t\t\t\t<div class=\"elementor-element elementor-element-bd1e56f elementor-widget elementor-widget-spacer\" data-id=\"bd1e56f\" data-element_type=\"widget\" data-e-type=\"widget\" data-widget_type=\"spacer.default\">\n\t\t\t\t\t\t\t<div class=\"elementor-spacer\">\n\t\t\t<div class=\"elementor-spacer-inner\"><\/div>\n\t\t<\/div>\n\t\t\t\t\t\t<\/div>\n\t\t\t\t<div class=\"elementor-element elementor-element-36c2e6e elementor-widget elementor-widget-heading\" data-id=\"36c2e6e\" data-element_type=\"widget\" data-e-type=\"widget\" data-widget_type=\"heading.default\">\n\t\t\t\t\t<h2 class=\"elementor-heading-title elementor-size-default\">MARINA MANAGMENT SYSTEM\u200b<\/h2>\t\t\t\t<\/div>\n\t\t\t\t<div class=\"elementor-element elementor-element-aee6da4 elementor-widget-divider--view-line elementor-widget elementor-widget-divider\" data-id=\"aee6da4\" data-element_type=\"widget\" data-e-type=\"widget\" data-widget_type=\"divider.default\">\n\t\t\t\t\t\t\t<div class=\"elementor-divider\">\n\t\t\t<span class=\"elementor-divider-separator\">\n\t\t\t\t\t\t<\/span>\n\t\t<\/div>\n\t\t\t\t\t\t<\/div>\n\t\t\t\t<div class=\"elementor-element elementor-element-0efa9b2 elementor-widget elementor-widget-text-editor\" data-id=\"0efa9b2\" data-element_type=\"widget\" data-e-type=\"widget\" data-widget_type=\"text-editor.default\">\n\t\t\t\t\t\t\t\t\t<p>A compact and fully integrated marine business system consists of: port control and management and other facilities, service sales, and from the financial business of the marina. Verified, almost a low-risk solution for development and rapid implementation. The system has been tested and checked, functioning in several Croatian marinas, including the largest Adriatic marina \u2013 Marina Dalmatia. The modular nature of the solution allows for its phase implementation. The entire system was developed according to the ergonomic principles described in ISO 9241-110.<\/p>\t\t\t\t\t\t\t\t<\/div>\n\t\t\t\t<div class=\"elementor-element elementor-element-ed69dc9 elementor-widget elementor-widget-spacer\" data-id=\"ed69dc9\" data-element_type=\"widget\" data-e-type=\"widget\" data-widget_type=\"spacer.default\">\n\t\t\t\t\t\t\t<div class=\"elementor-spacer\">\n\t\t\t<div class=\"elementor-spacer-inner\"><\/div>\n\t\t<\/div>\n\t\t\t\t\t\t<\/div>\n\t\t\t\t<\/div>\n\t\t<div class=\"elementor-element elementor-element-9cd63af e-con-full e-flex e-con e-child\" data-id=\"9cd63af\" data-element_type=\"container\" data-e-type=\"container\">\n\t\t\t\t<div class=\"elementor-element elementor-element-a2a63fa elementor-widget elementor-widget-spacer\" data-id=\"a2a63fa\" data-element_type=\"widget\" data-e-type=\"widget\" data-widget_type=\"spacer.default\">\n\t\t\t\t\t\t\t<div class=\"elementor-spacer\">\n\t\t\t<div class=\"elementor-spacer-inner\"><\/div>\n\t\t<\/div>\n\t\t\t\t\t\t<\/div>\n\t\t\t\t<div class=\"elementor-element elementor-element-2379623 elementor-widget elementor-widget-image\" data-id=\"2379623\" data-element_type=\"widget\" data-e-type=\"widget\" data-widget_type=\"image.default\">\n\t\t\t\t\t\t\t\t\t\t\t\t\t\t\t<img decoding=\"async\" width=\"767\" height=\"1024\" src=\"https:\/\/supra.hr\/wp-content\/uploads\/2025\/12\/marina-767x1024.jpg\" class=\"attachment-large size-large wp-image-855\" alt=\"\" srcset=\"https:\/\/supra.hr\/wp-content\/uploads\/2025\/12\/marina-767x1024.jpg 767w, https:\/\/supra.hr\/wp-content\/uploads\/2025\/12\/marina-225x300.jpg 225w, https:\/\/supra.hr\/wp-content\/uploads\/2025\/12\/marina-768x1025.jpg 768w, https:\/\/supra.hr\/wp-content\/uploads\/2025\/12\/marina-1151x1536.jpg 1151w, https:\/\/supra.hr\/wp-content\/uploads\/2025\/12\/marina-1535x2048.jpg 1535w, https:\/\/supra.hr\/wp-content\/uploads\/2025\/12\/marina-scaled.jpg 1919w\" sizes=\"(max-width: 767px) 100vw, 767px\" \/>\t\t\t\t\t\t\t\t\t\t\t\t\t\t\t<\/div>\n\t\t\t\t<\/div>\n\t\t\t\t\t<\/div>\n\t\t\t\t<\/div>\n\t\t<div class=\"elementor-element elementor-element-55013ee e-flex e-con-boxed e-con e-parent\" data-id=\"55013ee\" data-element_type=\"container\" data-e-type=\"container\">\n\t\t\t\t\t<div class=\"e-con-inner\">\n\t\t<div class=\"elementor-element elementor-element-9b79d6a e-con-full e-flex e-con e-child\" data-id=\"9b79d6a\" data-element_type=\"container\" data-e-type=\"container\">\n\t\t\t\t<div class=\"elementor-element elementor-element-96d33cb elementor-widget elementor-widget-spacer\" data-id=\"96d33cb\" data-element_type=\"widget\" data-e-type=\"widget\" data-widget_type=\"spacer.default\">\n\t\t\t\t\t\t\t<div class=\"elementor-spacer\">\n\t\t\t<div class=\"elementor-spacer-inner\"><\/div>\n\t\t<\/div>\n\t\t\t\t\t\t<\/div>\n\t\t\t\t<div class=\"elementor-element elementor-element-9d67712 elementor-widget elementor-widget-image\" data-id=\"9d67712\" data-element_type=\"widget\" data-e-type=\"widget\" data-widget_type=\"image.default\">\n\t\t\t\t\t\t\t\t\t\t\t\t\t\t\t<img loading=\"lazy\" decoding=\"async\" width=\"683\" height=\"1024\" src=\"https:\/\/supra.hr\/wp-content\/uploads\/2026\/01\/pexels-polina-tankilevitch-3873141-683x1024.jpg\" class=\"attachment-large size-large wp-image-1374\" alt=\"\" srcset=\"https:\/\/supra.hr\/wp-content\/uploads\/2026\/01\/pexels-polina-tankilevitch-3873141-683x1024.jpg 683w, https:\/\/supra.hr\/wp-content\/uploads\/2026\/01\/pexels-polina-tankilevitch-3873141-200x300.jpg 200w, https:\/\/supra.hr\/wp-content\/uploads\/2026\/01\/pexels-polina-tankilevitch-3873141-768x1152.jpg 768w, https:\/\/supra.hr\/wp-content\/uploads\/2026\/01\/pexels-polina-tankilevitch-3873141-1024x1536.jpg 1024w, https:\/\/supra.hr\/wp-content\/uploads\/2026\/01\/pexels-polina-tankilevitch-3873141-1365x2048.jpg 1365w, https:\/\/supra.hr\/wp-content\/uploads\/2026\/01\/pexels-polina-tankilevitch-3873141-8x12.jpg 8w, https:\/\/supra.hr\/wp-content\/uploads\/2026\/01\/pexels-polina-tankilevitch-3873141-scaled.jpg 1707w\" sizes=\"(max-width: 683px) 100vw, 683px\" \/>\t\t\t\t\t\t\t\t\t\t\t\t\t\t\t<\/div>\n\t\t\t\t<div class=\"elementor-element elementor-element-8dc7d30 elementor-widget elementor-widget-spacer\" data-id=\"8dc7d30\" data-element_type=\"widget\" data-e-type=\"widget\" data-widget_type=\"spacer.default\">\n\t\t\t\t\t\t\t<div class=\"elementor-spacer\">\n\t\t\t<div class=\"elementor-spacer-inner\"><\/div>\n\t\t<\/div>\n\t\t\t\t\t\t<\/div>\n\t\t\t\t<\/div>\n\t\t<div class=\"elementor-element elementor-element-93b5410 e-con-full e-flex e-con e-child\" data-id=\"93b5410\" data-element_type=\"container\" data-e-type=\"container\">\n\t\t\t\t<div class=\"elementor-element elementor-element-74d200d elementor-widget elementor-widget-spacer\" data-id=\"74d200d\" data-element_type=\"widget\" data-e-type=\"widget\" data-widget_type=\"spacer.default\">\n\t\t\t\t\t\t\t<div class=\"elementor-spacer\">\n\t\t\t<div class=\"elementor-spacer-inner\"><\/div>\n\t\t<\/div>\n\t\t\t\t\t\t<\/div>\n\t\t<div class=\"elementor-element elementor-element-21145b8 e-con-full e-flex e-con e-child\" data-id=\"21145b8\" data-element_type=\"container\" data-e-type=\"container\">\n\t\t\t\t<div class=\"elementor-element elementor-element-76a6224 elementor-widget elementor-widget-heading\" data-id=\"76a6224\" data-element_type=\"widget\" data-e-type=\"widget\" data-widget_type=\"heading.default\">\n\t\t\t\t\t<h2 class=\"elementor-heading-title elementor-size-default\">SUPRAPHARM\n\u200b<\/h2>\t\t\t\t<\/div>\n\t\t\t\t<div class=\"elementor-element elementor-element-a2cfefe elementor-widget-divider--view-line elementor-widget elementor-widget-divider\" data-id=\"a2cfefe\" data-element_type=\"widget\" data-e-type=\"widget\" data-widget_type=\"divider.default\">\n\t\t\t\t\t\t\t<div class=\"elementor-divider\">\n\t\t\t<span class=\"elementor-divider-separator\">\n\t\t\t\t\t\t<\/span>\n\t\t<\/div>\n\t\t\t\t\t\t<\/div>\n\t\t\t\t<div class=\"elementor-element elementor-element-f1b7984 elementor-widget__width-initial elementor-widget elementor-widget-text-editor\" data-id=\"f1b7984\" data-element_type=\"widget\" data-e-type=\"widget\" data-widget_type=\"text-editor.default\">\n\t\t\t\t\t\t\t\t\t<p>SupraPharm is a modern solution for the operation of pharmacies: procurement, sale and running all the necessary documents. It is compatible with the CEZIH system that allows electronic prescriptions of prescriptions and remittances and the control of the insured and electronic sending of the account. The solution is related to insurance houses, as well as to all wholesalers. It allows you to connect to the central ordering system and to the business decision-making assistance system.<\/p>\t\t\t\t\t\t\t\t<\/div>\n\t\t\t\t<\/div>\n\t\t\t\t<\/div>\n\t\t\t\t\t<\/div>\n\t\t\t\t<\/div>\n\t\t\t\t<\/div>","protected":false},"excerpt":{"rendered":"<p>Projekti Volimo ono \u0161to radimo, i volimo to podijeliti. Ovdje mo\u017eete vidjeti neke od na\u0161ih omiljenih projekata i rje\u0161enja koja smo isporu\u010dili s puno pa\u017enje i znanja. SEPA SEPA je otvorena platforma za prodaju karata i rezervacija kompatibilna sa svim glavnim europskim sustavima za prodaju karata u \u017eeljezni\u010dkom prometu. SEPA je prodajni kanal vidljiv na [&hellip;]<\/p>","protected":false},"author":1,"featured_media":0,"parent":0,"menu_order":0,"comment_status":"closed","ping_status":"closed","template":"","meta":{"ocean_post_layout":"full-screen","ocean_both_sidebars_style":"","ocean_both_sidebars_content_width":0,"ocean_both_sidebars_sidebars_width":0,"ocean_sidebar":"0","ocean_second_sidebar":"0","ocean_disable_margins":"on","ocean_add_body_class":"","ocean_shortcode_before_top_bar":"","ocean_shortcode_after_top_bar":"","ocean_shortcode_before_header":"","ocean_shortcode_after_header":"","ocean_has_shortcode":"","ocean_shortcode_after_title":"","ocean_shortcode_before_footer_widgets":"","ocean_shortcode_after_footer_widgets":"","ocean_shortcode_before_footer_bottom":"","ocean_shortcode_after_footer_bottom":"","ocean_display_top_bar":"default","ocean_display_header":"default","ocean_header_style":"transparent","ocean_center_header_left_menu":"0","ocean_custom_header_template":"0","ocean_custom_logo":0,"ocean_custom_retina_logo":0,"ocean_custom_logo_max_width":0,"ocean_custom_logo_tablet_max_width":0,"ocean_custom_logo_mobile_max_width":0,"ocean_custom_logo_max_height":0,"ocean_custom_logo_tablet_max_height":0,"ocean_custom_logo_mobile_max_height":0,"ocean_header_custom_menu":"0","ocean_menu_typo_font_family":"0","ocean_menu_typo_font_subset":"","ocean_menu_typo_font_size":0,"ocean_menu_typo_font_size_tablet":0,"ocean_menu_typo_font_size_mobile":0,"ocean_menu_typo_font_size_unit":"px","ocean_menu_typo_font_weight":"","ocean_menu_typo_font_weight_tablet":"","ocean_menu_typo_font_weight_mobile":"","ocean_menu_typo_transform":"","ocean_menu_typo_transform_tablet":"","ocean_menu_typo_transform_mobile":"","ocean_menu_typo_line_height":0,"ocean_menu_typo_line_height_tablet":0,"ocean_menu_typo_line_height_mobile":0,"ocean_menu_typo_line_height_unit":"","ocean_menu_typo_spacing":0,"ocean_menu_typo_spacing_tablet":0,"ocean_menu_typo_spacing_mobile":0,"ocean_menu_typo_spacing_unit":"","ocean_menu_link_color":"#ffffff","ocean_menu_link_color_hover":"#6e8fef","ocean_menu_link_color_active":"#ffffff","ocean_menu_link_background":"","ocean_menu_link_hover_background":"","ocean_menu_link_active_background":"","ocean_menu_social_links_bg":"","ocean_menu_social_hover_links_bg":"","ocean_menu_social_links_color":"#ffffff","ocean_menu_social_hover_links_color":"#6e8fef","ocean_disable_title":"on","ocean_disable_heading":"default","ocean_post_title":"","ocean_post_subheading":"","ocean_post_title_style":"","ocean_post_title_background_color":"","ocean_post_title_background":0,"ocean_post_title_bg_image_position":"","ocean_post_title_bg_image_attachment":"","ocean_post_title_bg_image_repeat":"","ocean_post_title_bg_image_size":"","ocean_post_title_height":0,"ocean_post_title_bg_overlay":0.5,"ocean_post_title_bg_overlay_color":"","ocean_disable_breadcrumbs":"off","ocean_breadcrumbs_color":"","ocean_breadcrumbs_separator_color":"","ocean_breadcrumbs_links_color":"","ocean_breadcrumbs_links_hover_color":"","ocean_display_footer_widgets":"default","ocean_display_footer_bottom":"default","ocean_custom_footer_template":"0","footnotes":""},"class_list":["post-1090","page","type-page","status-publish","hentry","entry"],"_links":{"self":[{"href":"https:\/\/supra.hr\/en_gb\/wp-json\/wp\/v2\/pages\/1090","targetHints":{"allow":["GET"]}}],"collection":[{"href":"https:\/\/supra.hr\/en_gb\/wp-json\/wp\/v2\/pages"}],"about":[{"href":"https:\/\/supra.hr\/en_gb\/wp-json\/wp\/v2\/types\/page"}],"author":[{"embeddable":true,"href":"https:\/\/supra.hr\/en_gb\/wp-json\/wp\/v2\/users\/1"}],"replies":[{"embeddable":true,"href":"https:\/\/supra.hr\/en_gb\/wp-json\/wp\/v2\/comments?post=1090"}],"version-history":[{"count":46,"href":"https:\/\/supra.hr\/en_gb\/wp-json\/wp\/v2\/pages\/1090\/revisions"}],"predecessor-version":[{"id":1391,"href":"https:\/\/supra.hr\/en_gb\/wp-json\/wp\/v2\/pages\/1090\/revisions\/1391"}],"wp:attachment":[{"href":"https:\/\/supra.hr\/en_gb\/wp-json\/wp\/v2\/media?parent=1090"}],"curies":[{"name":"wp","href":"https:\/\/api.w.org\/{rel}","templated":true}]}}